{"id":89,"date":"2021-12-23T00:31:48","date_gmt":"2021-12-23T00:31:48","guid":{"rendered":"https:\/\/demothemedh.b-cdn.net\/tritmix\/about\/"},"modified":"2022-08-24T14:33:19","modified_gmt":"2022-08-24T14:33:19","slug":"o-nama","status":"publish","type":"page","link":"https:\/\/vagon.gallery\/en\/o-nama\/","title":{"rendered":"About us"},"content":{"rendered":"\t\t<div data-elementor-type=\"wp-page\" data-elementor-id=\"89\" class=\"elementor elementor-89\" data-elementor-post-type=\"page\">\n\t\t\t\t\t\t<div class=\" elementor-section  lazyelementorbackgroundimages elementor-top-section elementor-element elementor-element-d5e136f elementor-section-boxed elementor-section-height-default elementor-section-height-default\" data-id=\"d5e136f\" data-element_type=\"section\" data-e-type=\"section\">\n\t\t\t\t\t\t<div class=\"elementor-container elementor-column-gap-no\">\n\t\t\t\t\t<div class=\"elementor-column elementor-col-100 elementor-top-column elementor-element elementor-element-064f5fe\" data-id=\"064f5fe\" data-element_type=\"column\" data-e-type=\"column\">\n\t\t\t<div class=\" elementor-widget-wrap lazyelementorbackgroundimages  elementor-element-populated\">\n\t\t\t\t\t\t<div class=\"elementor-element elementor-element-400b54d elementor-widget elementor-widget-heading\" data-id=\"400b54d\" data-element_type=\"widget\" data-e-type=\"widget\" data-widget_type=\"heading.default\">\n\t\t\t\t<div class=\"elementor-widget-container\">\n\t\t\t\t\t<h3 class=\"elementor-heading-title elementor-size-default\">\u0160ta je Galerija Vagon?<\/h3>\t\t\t\t<\/div>\n\t\t\t\t<\/div>\n\t\t\t\t<div class=\"elementor-element elementor-element-aa8a750 elementor-widget elementor-widget-text-editor\" data-id=\"aa8a750\" data-element_type=\"widget\" data-e-type=\"widget\" data-widget_type=\"text-editor.default\">\n\t\t\t\t<div class=\"elementor-widget-container\">\n\t\t\t\t\t\t\t\t\t<p><span style=\"font-weight: 400;\">Galerija Vagon je brend Art kluba Prostor. Ideja o osnivanju galerije je proistekla iz intenzivne potrebe za galerijskim prostorom i profesionalnom saradnjom na relaciji Galerija \u2013 Umjetnik. Vagon predstavlja galeriju koja prikazuje, promovi\u0161e i vr\u0161i prodaju radova mladih umjetnika, anga\u017eovane i savremene umjetnosti. Galerija Vagon je primjer stru\u010dne saradnje regionalnih udru\u017eenja savremene umjetnosti, galerija, muzeja, slobodnih umjetnika i intelektualaca na prostoru Balkana, koji se sastoji iz izlaga\u010dkog, promotivnog i prodajnog segmenta.<\/span><\/p>\t\t\t\t\t\t\t\t<\/div>\n\t\t\t\t<\/div>\n\t\t\t\t<div class=\"elementor-element elementor-element-333b27c elementor-widget elementor-widget-heading\" data-id=\"333b27c\" data-element_type=\"widget\" data-e-type=\"widget\" data-widget_type=\"heading.default\">\n\t\t\t\t<div class=\"elementor-widget-container\">\n\t\t\t\t\t<h3 class=\"elementor-heading-title elementor-size-default\">Ko organizuje Galeriju Vagon?\n<\/h3>\t\t\t\t<\/div>\n\t\t\t\t<\/div>\n\t\t\t\t<div class=\"elementor-element elementor-element-573d307 elementor-widget elementor-widget-text-editor\" data-id=\"573d307\" data-element_type=\"widget\" data-e-type=\"widget\" data-widget_type=\"text-editor.default\">\n\t\t\t\t<div class=\"elementor-widget-container\">\n\t\t\t\t\t\t\t\t\t<p><span style=\"font-weight: 400;\">Iza Galerije Vagon stoji stru\u010dni tim odabranih eksperata iz razli\u010ditih oblasti savremene umjetnosti, dizajna i art konsaltinga, kao i spoljni stru\u010dni saradnici, konsultanti i galeristi.<\/span><\/p><p><span style=\"font-weight: 400;\">Radom galerije koordiniraju \u010dlanovi Upravnog odbora Art kluba Prostor, sastavljeni od eminentnih stru\u010dnjaka. <\/span><\/p>\t\t\t\t\t\t\t\t<\/div>\n\t\t\t\t<\/div>\n\t\t\t\t<div class=\"elementor-element elementor-element-ff9670d elementor-widget elementor-widget-heading\" data-id=\"ff9670d\" data-element_type=\"widget\" data-e-type=\"widget\" data-widget_type=\"heading.default\">\n\t\t\t\t<div class=\"elementor-widget-container\">\n\t\t\t\t\t<h3 class=\"elementor-heading-title elementor-size-default\">Ka \u010demu te\u017eimo?<\/h3>\t\t\t\t<\/div>\n\t\t\t\t<\/div>\n\t\t\t\t<div class=\"elementor-element elementor-element-f9d8bb4 elementor-widget elementor-widget-text-editor\" data-id=\"f9d8bb4\" data-element_type=\"widget\" data-e-type=\"widget\" data-widget_type=\"text-editor.default\">\n\t\t\t\t<div class=\"elementor-widget-container\">\n\t\t\t\t\t\t\t\t\t<p><span style=\"font-weight: 400;\">Primarna funkcija Galerije Vagon je popularizacija savremene umjetnosti u \u0161iroj i stru\u010dnoj javnosti u regionalnom kontekstu radi njihovog povezivanja i plasiranja radova umjetnika na regionalno i me\u0111unarodno tr\u017ei\u0161te.<\/span><\/p><p><span style=\"font-weight: 400;\">Tako\u0111e, izlo\u017ebama i javnim prikazivanjima intenzivno radimo na kreiranju lokalne scene i razvoju kolekcionarske svijesti savremene umjetnosti.<\/span><\/p>\t\t\t\t\t\t\t\t<\/div>\n\t\t\t\t<\/div>\n\t\t\t\t<div class=\"elementor-element elementor-element-a7c0ba6 elementor-widget elementor-widget-text-editor\" data-id=\"a7c0ba6\" data-element_type=\"widget\" data-e-type=\"widget\" data-widget_type=\"text-editor.default\">\n\t\t\t\t<div class=\"elementor-widget-container\">\n\t\t\t\t\t\t\t\t\t<p><span style=\"font-weight: 400;\">Cilj Galerije Vagon je da iz potrebe za promovisanjem i povezivanjem unutar regiona i razmjenom iskustava, teorija i ideja na polju savremene i anga\u017eovane umjetnosti, vremenom podignu kvalitet produkcije umjetnika koje galerija zastupa.<\/span><\/p>\t\t\t\t\t\t\t\t<\/div>\n\t\t\t\t<\/div>\n\t\t\t\t<div class=\"elementor-element elementor-element-5ce2e8e elementor-widget__width-initial elementor-absolute elementor-widget elementor-widget-image\" data-id=\"5ce2e8e\" data-element_type=\"widget\" data-e-type=\"widget\" data-settings=\"{&quot;_position&quot;:&quot;absolute&quot;,&quot;motion_fx_motion_fx_scrolling&quot;:&quot;yes&quot;,&quot;motion_fx_translateY_effect&quot;:&quot;yes&quot;,&quot;motion_fx_translateY_direction&quot;:&quot;negative&quot;,&quot;motion_fx_translateY_speed&quot;:{&quot;unit&quot;:&quot;px&quot;,&quot;size&quot;:2,&quot;sizes&quot;:[]},&quot;motion_fx_translateY_affectedRange&quot;:{&quot;unit&quot;:&quot;%&quot;,&quot;size&quot;:&quot;&quot;,&quot;sizes&quot;:{&quot;start&quot;:0,&quot;end&quot;:100}},&quot;motion_fx_devices&quot;:[&quot;desktop&quot;,&quot;laptop&quot;,&quot;tablet_extra&quot;,&quot;tablet&quot;,&quot;mobile_extra&quot;,&quot;mobile&quot;]}\" data-widget_type=\"image.default\">\n\t\t\t\t<div class=\"elementor-widget-container\">\n\t\t\t\t\t\t\t\t\t\t\t\t\t\t\t<img decoding=\"async\" src=\"https:\/\/vagon.gallery\/wp-content\/uploads\/2022\/08\/mihic-vagon-700056-scaled.jpg\" title=\"\" alt=\"\" loading=\"lazy\" \/>\t\t\t\t\t\t\t\t\t\t\t\t\t\t\t<\/div>\n\t\t\t\t<\/div>\n\t\t\t\t<div class=\"elementor-element elementor-element-0a4dc59 elementor-widget__width-initial elementor-absolute elementor-widget elementor-widget-image\" data-id=\"0a4dc59\" data-element_type=\"widget\" data-e-type=\"widget\" data-settings=\"{&quot;_position&quot;:&quot;absolute&quot;,&quot;motion_fx_motion_fx_scrolling&quot;:&quot;yes&quot;,&quot;motion_fx_translateY_effect&quot;:&quot;yes&quot;,&quot;motion_fx_translateY_speed&quot;:{&quot;unit&quot;:&quot;px&quot;,&quot;size&quot;:2,&quot;sizes&quot;:[]},&quot;motion_fx_translateY_affectedRange&quot;:{&quot;unit&quot;:&quot;%&quot;,&quot;size&quot;:&quot;&quot;,&quot;sizes&quot;:{&quot;start&quot;:0,&quot;end&quot;:100}},&quot;motion_fx_devices&quot;:[&quot;desktop&quot;,&quot;laptop&quot;,&quot;tablet_extra&quot;,&quot;tablet&quot;,&quot;mobile_extra&quot;,&quot;mobile&quot;]}\" data-widget_type=\"image.default\">\n\t\t\t\t<div class=\"elementor-widget-container\">\n\t\t\t\t\t\t\t\t\t\t\t\t\t\t\t<img decoding=\"async\" src=\"https:\/\/vagon.gallery\/wp-content\/uploads\/2022\/08\/mihic-vagon-709961-scaled.jpg\" title=\"\" alt=\"\" loading=\"lazy\" \/>\t\t\t\t\t\t\t\t\t\t\t\t\t\t\t<\/div>\n\t\t\t\t<\/div>\n\t\t\t\t\t<\/div>\n\t\t<\/div>\n\t\t\t\t\t<\/div>\n\t\t<\/div>\n\t\t\t\t<\/div>\n\t\t","protected":false},"excerpt":{"rendered":"<p>\u0160ta je Galerija Vagon? Galerija Vagon je brend Art kluba Prostor. Ideja o osnivanju galerije je proistekla iz intenzivne potrebe za galerijskim prostorom i profesionalnom saradnjom na relaciji Galerija \u2013 Umjetnik. Vagon predstavlja galeriju koja prikazuje, promovi\u0161e i vr\u0161i prodaju radova mladih umjetnika, anga\u017eovane i savremene umjetnosti. Galerija Vagon je primjer stru\u010dne saradnje regionalnih udru\u017eenja [&hellip;]<\/p>\n","protected":false},"author":1,"featured_media":0,"parent":0,"menu_order":0,"comment_status":"closed","ping_status":"closed","template":"elementor_header_footer","meta":{"_acf_changed":false,"inline_featured_image":false,"footnotes":""},"class_list":["post-89","page","type-page","status-publish","hentry"],"acf":[],"yoast_head":"<!-- This site is optimized with the Yoast SEO plugin v27.6 - https:\/\/yoast.com\/product\/yoast-seo-wordpress\/ -->\n<title>O nama - Vagon Gallery<\/title>\n<meta name=\"robots\" content=\"index, follow, max-snippet:-1, max-image-preview:large, max-video-preview:-1\" \/>\n<link rel=\"canonical\" href=\"https:\/\/vagon.gallery\/en\/o-nama\/\" \/>\n<meta property=\"og:locale\" content=\"en_US\" \/>\n<meta property=\"og:type\" content=\"article\" \/>\n<meta property=\"og:title\" content=\"O nama - Vagon Gallery\" \/>\n<meta property=\"og:description\" content=\"\u0160ta je Galerija Vagon? Galerija Vagon je brend Art kluba Prostor. Ideja o osnivanju galerije je proistekla iz intenzivne potrebe za galerijskim prostorom i profesionalnom saradnjom na relaciji Galerija \u2013 Umjetnik. Vagon predstavlja galeriju koja prikazuje, promovi\u0161e i vr\u0161i prodaju radova mladih umjetnika, anga\u017eovane i savremene umjetnosti. Galerija Vagon je primjer stru\u010dne saradnje regionalnih udru\u017eenja [&hellip;]\" \/>\n<meta property=\"og:url\" content=\"https:\/\/vagon.gallery\/en\/o-nama\/\" \/>\n<meta property=\"og:site_name\" content=\"Vagon Gallery\" \/>\n<meta property=\"article:publisher\" content=\"https:\/\/www.facebook.com\/vagongallery\/\" \/>\n<meta property=\"article:modified_time\" content=\"2022-08-24T14:33:19+00:00\" \/>\n<meta property=\"og:image\" content=\"https:\/\/vagon.gallery\/wp-content\/uploads\/2022\/08\/mihic-vagon-700056-scaled.jpg\" \/>\n<meta name=\"twitter:card\" content=\"summary_large_image\" \/>\n<meta name=\"twitter:label1\" content=\"Est. reading time\" \/>\n\t<meta name=\"twitter:data1\" content=\"1 minute\" \/>\n<script type=\"application\/ld+json\" class=\"yoast-schema-graph\">{\"@context\":\"https:\\\/\\\/schema.org\",\"@graph\":[{\"@type\":\"Article\",\"@id\":\"https:\\\/\\\/vagon.gallery\\\/o-nama\\\/#article\",\"isPartOf\":{\"@id\":\"https:\\\/\\\/vagon.gallery\\\/o-nama\\\/\"},\"author\":{\"name\":\"developer\",\"@id\":\"https:\\\/\\\/vagon.gallery\\\/#\\\/schema\\\/person\\\/c5221a28ee9c29c5065c4317da302e67\"},\"headline\":\"O nama\",\"datePublished\":\"2021-12-23T00:31:48+00:00\",\"dateModified\":\"2022-08-24T14:33:19+00:00\",\"mainEntityOfPage\":{\"@id\":\"https:\\\/\\\/vagon.gallery\\\/o-nama\\\/\"},\"wordCount\":217,\"publisher\":{\"@id\":\"https:\\\/\\\/vagon.gallery\\\/#organization\"},\"image\":{\"@id\":\"https:\\\/\\\/vagon.gallery\\\/o-nama\\\/#primaryimage\"},\"thumbnailUrl\":\"https:\\\/\\\/vagon.gallery\\\/wp-content\\\/uploads\\\/2022\\\/08\\\/mihic-vagon-700056-scaled.jpg\",\"inLanguage\":\"en-US\"},{\"@type\":\"WebPage\",\"@id\":\"https:\\\/\\\/vagon.gallery\\\/o-nama\\\/\",\"url\":\"https:\\\/\\\/vagon.gallery\\\/o-nama\\\/\",\"name\":\"O nama - Vagon Gallery\",\"isPartOf\":{\"@id\":\"https:\\\/\\\/vagon.gallery\\\/#website\"},\"primaryImageOfPage\":{\"@id\":\"https:\\\/\\\/vagon.gallery\\\/o-nama\\\/#primaryimage\"},\"image\":{\"@id\":\"https:\\\/\\\/vagon.gallery\\\/o-nama\\\/#primaryimage\"},\"thumbnailUrl\":\"https:\\\/\\\/vagon.gallery\\\/wp-content\\\/uploads\\\/2022\\\/08\\\/mihic-vagon-700056-scaled.jpg\",\"datePublished\":\"2021-12-23T00:31:48+00:00\",\"dateModified\":\"2022-08-24T14:33:19+00:00\",\"breadcrumb\":{\"@id\":\"https:\\\/\\\/vagon.gallery\\\/o-nama\\\/#breadcrumb\"},\"inLanguage\":\"en-US\",\"potentialAction\":[{\"@type\":\"ReadAction\",\"target\":[\"https:\\\/\\\/vagon.gallery\\\/o-nama\\\/\"]}]},{\"@type\":\"ImageObject\",\"inLanguage\":\"en-US\",\"@id\":\"https:\\\/\\\/vagon.gallery\\\/o-nama\\\/#primaryimage\",\"url\":\"https:\\\/\\\/vagon.gallery\\\/wp-content\\\/uploads\\\/2022\\\/08\\\/mihic-vagon-700056-scaled.jpg\",\"contentUrl\":\"https:\\\/\\\/vagon.gallery\\\/wp-content\\\/uploads\\\/2022\\\/08\\\/mihic-vagon-700056-scaled.jpg\"},{\"@type\":\"BreadcrumbList\",\"@id\":\"https:\\\/\\\/vagon.gallery\\\/o-nama\\\/#breadcrumb\",\"itemListElement\":[{\"@type\":\"ListItem\",\"position\":1,\"name\":\"Home\",\"item\":\"https:\\\/\\\/vagon.gallery\\\/\"},{\"@type\":\"ListItem\",\"position\":2,\"name\":\"O nama\"}]},{\"@type\":\"WebSite\",\"@id\":\"https:\\\/\\\/vagon.gallery\\\/#website\",\"url\":\"https:\\\/\\\/vagon.gallery\\\/\",\"name\":\"Vagon Gallery\",\"description\":\"Vagon Gallery Banja Luka\",\"publisher\":{\"@id\":\"https:\\\/\\\/vagon.gallery\\\/#organization\"},\"potentialAction\":[{\"@type\":\"SearchAction\",\"target\":{\"@type\":\"EntryPoint\",\"urlTemplate\":\"https:\\\/\\\/vagon.gallery\\\/?s={search_term_string}\"},\"query-input\":{\"@type\":\"PropertyValueSpecification\",\"valueRequired\":true,\"valueName\":\"search_term_string\"}}],\"inLanguage\":\"en-US\"},{\"@type\":\"Organization\",\"@id\":\"https:\\\/\\\/vagon.gallery\\\/#organization\",\"name\":\"Art klub Prostor\",\"url\":\"https:\\\/\\\/vagon.gallery\\\/\",\"logo\":{\"@type\":\"ImageObject\",\"inLanguage\":\"en-US\",\"@id\":\"https:\\\/\\\/vagon.gallery\\\/#\\\/schema\\\/logo\\\/image\\\/\",\"url\":\"https:\\\/\\\/vagon.gallery\\\/wp-content\\\/uploads\\\/2022\\\/10\\\/VAGON-logo.png\",\"contentUrl\":\"https:\\\/\\\/vagon.gallery\\\/wp-content\\\/uploads\\\/2022\\\/10\\\/VAGON-logo.png\",\"width\":3314,\"height\":976,\"caption\":\"Art klub Prostor\"},\"image\":{\"@id\":\"https:\\\/\\\/vagon.gallery\\\/#\\\/schema\\\/logo\\\/image\\\/\"},\"sameAs\":[\"https:\\\/\\\/www.facebook.com\\\/vagongallery\\\/\"]},{\"@type\":\"Person\",\"@id\":\"https:\\\/\\\/vagon.gallery\\\/#\\\/schema\\\/person\\\/c5221a28ee9c29c5065c4317da302e67\",\"name\":\"developer\",\"image\":{\"@type\":\"ImageObject\",\"inLanguage\":\"en-US\",\"@id\":\"https:\\\/\\\/secure.gravatar.com\\\/avatar\\\/2bc77b80edfff72ec4a9d877d480784d5a97a4cf22ef3e711efa219bfd0d770b?s=96&d=mm&r=g\",\"url\":\"https:\\\/\\\/secure.gravatar.com\\\/avatar\\\/2bc77b80edfff72ec4a9d877d480784d5a97a4cf22ef3e711efa219bfd0d770b?s=96&d=mm&r=g\",\"contentUrl\":\"https:\\\/\\\/secure.gravatar.com\\\/avatar\\\/2bc77b80edfff72ec4a9d877d480784d5a97a4cf22ef3e711efa219bfd0d770b?s=96&d=mm&r=g\",\"caption\":\"developer\"},\"sameAs\":[\"https:\\\/\\\/vagon.gallery\"],\"url\":\"https:\\\/\\\/vagon.gallery\\\/en\\\/author\\\/developer\\\/\"}]}<\/script>\n<!-- \/ Yoast SEO plugin. -->","yoast_head_json":{"title":"O nama - Vagon Gallery","robots":{"index":"index","follow":"follow","max-snippet":"max-snippet:-1","max-image-preview":"max-image-preview:large","max-video-preview":"max-video-preview:-1"},"canonical":"https:\/\/vagon.gallery\/en\/o-nama\/","og_locale":"en_US","og_type":"article","og_title":"O nama - Vagon Gallery","og_description":"\u0160ta je Galerija Vagon? Galerija Vagon je brend Art kluba Prostor. Ideja o osnivanju galerije je proistekla iz intenzivne potrebe za galerijskim prostorom i profesionalnom saradnjom na relaciji Galerija \u2013 Umjetnik. Vagon predstavlja galeriju koja prikazuje, promovi\u0161e i vr\u0161i prodaju radova mladih umjetnika, anga\u017eovane i savremene umjetnosti. Galerija Vagon je primjer stru\u010dne saradnje regionalnih udru\u017eenja [&hellip;]","og_url":"https:\/\/vagon.gallery\/en\/o-nama\/","og_site_name":"Vagon Gallery","article_publisher":"https:\/\/www.facebook.com\/vagongallery\/","article_modified_time":"2022-08-24T14:33:19+00:00","og_image":[{"url":"https:\/\/vagon.gallery\/wp-content\/uploads\/2022\/08\/mihic-vagon-700056-scaled.jpg","type":"","width":"","height":""}],"twitter_card":"summary_large_image","twitter_misc":{"Est. reading time":"1 minute"},"schema":{"@context":"https:\/\/schema.org","@graph":[{"@type":"Article","@id":"https:\/\/vagon.gallery\/o-nama\/#article","isPartOf":{"@id":"https:\/\/vagon.gallery\/o-nama\/"},"author":{"name":"developer","@id":"https:\/\/vagon.gallery\/#\/schema\/person\/c5221a28ee9c29c5065c4317da302e67"},"headline":"O nama","datePublished":"2021-12-23T00:31:48+00:00","dateModified":"2022-08-24T14:33:19+00:00","mainEntityOfPage":{"@id":"https:\/\/vagon.gallery\/o-nama\/"},"wordCount":217,"publisher":{"@id":"https:\/\/vagon.gallery\/#organization"},"image":{"@id":"https:\/\/vagon.gallery\/o-nama\/#primaryimage"},"thumbnailUrl":"https:\/\/vagon.gallery\/wp-content\/uploads\/2022\/08\/mihic-vagon-700056-scaled.jpg","inLanguage":"en-US"},{"@type":"WebPage","@id":"https:\/\/vagon.gallery\/o-nama\/","url":"https:\/\/vagon.gallery\/o-nama\/","name":"O nama - Vagon Gallery","isPartOf":{"@id":"https:\/\/vagon.gallery\/#website"},"primaryImageOfPage":{"@id":"https:\/\/vagon.gallery\/o-nama\/#primaryimage"},"image":{"@id":"https:\/\/vagon.gallery\/o-nama\/#primaryimage"},"thumbnailUrl":"https:\/\/vagon.gallery\/wp-content\/uploads\/2022\/08\/mihic-vagon-700056-scaled.jpg","datePublished":"2021-12-23T00:31:48+00:00","dateModified":"2022-08-24T14:33:19+00:00","breadcrumb":{"@id":"https:\/\/vagon.gallery\/o-nama\/#breadcrumb"},"inLanguage":"en-US","potentialAction":[{"@type":"ReadAction","target":["https:\/\/vagon.gallery\/o-nama\/"]}]},{"@type":"ImageObject","inLanguage":"en-US","@id":"https:\/\/vagon.gallery\/o-nama\/#primaryimage","url":"https:\/\/vagon.gallery\/wp-content\/uploads\/2022\/08\/mihic-vagon-700056-scaled.jpg","contentUrl":"https:\/\/vagon.gallery\/wp-content\/uploads\/2022\/08\/mihic-vagon-700056-scaled.jpg"},{"@type":"BreadcrumbList","@id":"https:\/\/vagon.gallery\/o-nama\/#breadcrumb","itemListElement":[{"@type":"ListItem","position":1,"name":"Home","item":"https:\/\/vagon.gallery\/"},{"@type":"ListItem","position":2,"name":"O nama"}]},{"@type":"WebSite","@id":"https:\/\/vagon.gallery\/#website","url":"https:\/\/vagon.gallery\/","name":"Vagon Gallery","description":"Vagon Gallery Banja Luka","publisher":{"@id":"https:\/\/vagon.gallery\/#organization"},"potentialAction":[{"@type":"SearchAction","target":{"@type":"EntryPoint","urlTemplate":"https:\/\/vagon.gallery\/?s={search_term_string}"},"query-input":{"@type":"PropertyValueSpecification","valueRequired":true,"valueName":"search_term_string"}}],"inLanguage":"en-US"},{"@type":"Organization","@id":"https:\/\/vagon.gallery\/#organization","name":"Art klub Prostor","url":"https:\/\/vagon.gallery\/","logo":{"@type":"ImageObject","inLanguage":"en-US","@id":"https:\/\/vagon.gallery\/#\/schema\/logo\/image\/","url":"https:\/\/vagon.gallery\/wp-content\/uploads\/2022\/10\/VAGON-logo.png","contentUrl":"https:\/\/vagon.gallery\/wp-content\/uploads\/2022\/10\/VAGON-logo.png","width":3314,"height":976,"caption":"Art klub Prostor"},"image":{"@id":"https:\/\/vagon.gallery\/#\/schema\/logo\/image\/"},"sameAs":["https:\/\/www.facebook.com\/vagongallery\/"]},{"@type":"Person","@id":"https:\/\/vagon.gallery\/#\/schema\/person\/c5221a28ee9c29c5065c4317da302e67","name":"developer","image":{"@type":"ImageObject","inLanguage":"en-US","@id":"https:\/\/secure.gravatar.com\/avatar\/2bc77b80edfff72ec4a9d877d480784d5a97a4cf22ef3e711efa219bfd0d770b?s=96&d=mm&r=g","url":"https:\/\/secure.gravatar.com\/avatar\/2bc77b80edfff72ec4a9d877d480784d5a97a4cf22ef3e711efa219bfd0d770b?s=96&d=mm&r=g","contentUrl":"https:\/\/secure.gravatar.com\/avatar\/2bc77b80edfff72ec4a9d877d480784d5a97a4cf22ef3e711efa219bfd0d770b?s=96&d=mm&r=g","caption":"developer"},"sameAs":["https:\/\/vagon.gallery"],"url":"https:\/\/vagon.gallery\/en\/author\/developer\/"}]}},"_links":{"self":[{"href":"https:\/\/vagon.gallery\/en\/wp-json\/wp\/v2\/pages\/89","targetHints":{"allow":["GET"]}}],"collection":[{"href":"https:\/\/vagon.gallery\/en\/wp-json\/wp\/v2\/pages"}],"about":[{"href":"https:\/\/vagon.gallery\/en\/wp-json\/wp\/v2\/types\/page"}],"author":[{"embeddable":true,"href":"https:\/\/vagon.gallery\/en\/wp-json\/wp\/v2\/users\/1"}],"replies":[{"embeddable":true,"href":"https:\/\/vagon.gallery\/en\/wp-json\/wp\/v2\/comments?post=89"}],"version-history":[{"count":0,"href":"https:\/\/vagon.gallery\/en\/wp-json\/wp\/v2\/pages\/89\/revisions"}],"wp:attachment":[{"href":"https:\/\/vagon.gallery\/en\/wp-json\/wp\/v2\/media?parent=89"}],"curies":[{"name":"wp","href":"https:\/\/api.w.org\/{rel}","templated":true}]}}