{"id":10033,"date":"2022-12-14T22:34:10","date_gmt":"2022-12-14T22:34:10","guid":{"rendered":"https:\/\/vagon.gallery\/?page_id=10033"},"modified":"2022-12-15T14:44:35","modified_gmt":"2022-12-15T14:44:35","slug":"usluge","status":"publish","type":"page","link":"https:\/\/vagon.gallery\/en\/usluge\/","title":{"rendered":"Services"},"content":{"rendered":"<div data-elementor-type=\"wp-page\" data-elementor-id=\"10033\" class=\"elementor elementor-10033\" data-elementor-post-type=\"page\">\n\t\t\t\t\t\t<section class=\"elementor-section  lazyelementorbackgroundimages elementor-top-section elementor-element elementor-element-6eeaf81 elementor-section-boxed elementor-section-height-default elementor-section-height-default\" data-id=\"6eeaf81\" data-element_type=\"section\">\n\t\t\t\t\t\t<div class=\"elementor-container elementor-column-gap-default\">\n\t\t\t\t\t<div class=\"elementor-column elementor-col-100 elementor-top-column elementor-element elementor-element-c6676bf\" data-id=\"c6676bf\" data-element_type=\"column\">\n\t\t\t<div class=\"elementor-widget-wrap lazyelementorbackgroundimages  elementor-element-populated\">\n\t\t\t\t\t\t<div class=\"elementor-element elementor-element-9c21e70 elementor-widget elementor-widget-text-editor\" data-id=\"9c21e70\" data-element_type=\"widget\" data-widget_type=\"text-editor.default\">\n\t\t\t\t<div class=\"elementor-widget-container\">\n\t\t\t\t\t\t\t\t\t<p><br \/>In addition to standard activities, Vagon Gallery provides the following services:\u00a0<\/p><ul><li>Commercial exhibition terms<\/li><li>Organization of meetings and trade fairs<\/li><li>Space rental<\/li><li>Performance art<\/li><li>Production<\/li><li>Graphic design<\/li><li>Enterier design<\/li><\/ul><p>If you need any of the above services or want more information, you can contact us using this form.<\/p>\t\t\t\t\t\t\t\t<\/div>\n\t\t\t\t<\/div>\n\t\t\t\t<div class=\"elementor-element elementor-element-bebda78 elementor-widget elementor-widget-heading\" data-id=\"bebda78\" data-element_type=\"widget\" data-widget_type=\"heading.default\">\n\t\t\t\t<div class=\"elementor-widget-container\">\n\t\t\t\t\t<h2 class=\"elementor-heading-title elementor-size-default\">Contact us \ud83d\udc4b<\/h2>\t\t\t\t<\/div>\n\t\t\t\t<\/div>\n\t\t\t\t<div class=\"elementor-element elementor-element-13d8679 elementor-widget elementor-widget-tritmix-contactform\" data-id=\"13d8679\" data-element_type=\"widget\" data-widget_type=\"tritmix-contactform.default\">\n\t\t\t\t<div class=\"elementor-widget-container\">\n\t\t\t\t\t        <div class=\"elementor-form-wrapper\">\n\n            \n<div class=\"wpcf7 no-js\" id=\"wpcf7-f7-o1\" lang=\"en-US\" dir=\"ltr\" data-wpcf7-id=\"7\">\n<div class=\"screen-reader-response\"><p role=\"status\" aria-live=\"polite\" aria-atomic=\"true\"><\/p> <ul><\/ul><\/div>\n<form action=\"\/en\/wp-json\/wp\/v2\/pages\/10033#wpcf7-f7-o1\" method=\"post\" class=\"wpcf7-form init\" aria-label=\"Contact form\" novalidate=\"novalidate\" data-status=\"init\" data-trp-original-action=\"\/en\/wp-json\/wp\/v2\/pages\/10033#wpcf7-f7-o1\">\n<fieldset class=\"hidden-fields-container\"><input type=\"hidden\" name=\"_wpcf7\" value=\"7\" \/><input type=\"hidden\" name=\"_wpcf7_version\" value=\"6.1.3\" \/><input type=\"hidden\" name=\"_wpcf7_locale\" value=\"en_US\" \/><input type=\"hidden\" name=\"_wpcf7_unit_tag\" value=\"wpcf7-f7-o1\" \/><input type=\"hidden\" name=\"_wpcf7_container_post\" value=\"0\" \/><input type=\"hidden\" name=\"_wpcf7_posted_data_hash\" value=\"\" \/>\n<\/fieldset>\n<p><label> Your name and surname\n<input size=\"40\" maxlength=\"400\" class=\"wpcf7-form-control wpcf7-text wpcf7-validates-as-required\" aria-required=\"true\" aria-invalid=\"false\" value=\"Ime i prezime\" type=\"text\" name=\"placeholder\" \/> <\/label>\n<\/p>\n<p><label> Your Email\n<input size=\"40\" maxlength=\"400\" class=\"wpcf7-form-control wpcf7-email wpcf7-validates-as-required wpcf7-text wpcf7-validates-as-email\" aria-required=\"true\" aria-invalid=\"false\" placeholder=\"abc@gmail.com\" value=\"\" type=\"email\" name=\"E-mail\" \/> <\/label>\n<\/p>\n<p><label> Choose a service you are interested in\n<select class=\"wpcf7-form-control wpcf7-select wpcf7-validates-as-required\" aria-required=\"true\" aria-invalid=\"false\" name=\"usluga\"><option value=\"Komercijalni izlaga\u010dki termini\">Commercial exhibition terms<\/option><option value=\"Organizovanje sastanaka i poslovnih sajmova\">Organization of meetings and trade fairs<\/option><option value=\"Iznajmljivanje prostora\">Space rental<\/option><option value=\"Izvo\u0111a\u010dka umjetnost\">Performance art<\/option><option value=\"Produkcija\">Production<\/option><option value=\"Grafi\u010dki dizajn\">Graphic design<\/option><option value=\"Dizajn enterijera\">Enterier design<\/option><\/select><\/label>\n<\/p>\n<p><label> Va\u0161 Telefon\n<input size=\"40\" maxlength=\"400\" class=\"wpcf7-form-control wpcf7-tel wpcf7-validates-as-required wpcf7-text wpcf7-validates-as-tel\" aria-required=\"true\" aria-invalid=\"false\" placeholder=\"+38765123123\" value=\"\" type=\"tel\" name=\"Telefon\" \/> <\/label>\n<\/p>\n<p><label> Your message (optional)\n<textarea cols=\"40\" rows=\"10\" maxlength=\"2000\" class=\"wpcf7-form-control wpcf7-textarea\" aria-invalid=\"false\" name=\"your-message\"><\/textarea> <\/label>\n<\/p>\n<p><input class=\"wpcf7-form-control wpcf7-submit has-spinner\" type=\"submit\" value=\"Send\" \/>\n<\/p><div class=\"wpcf7-response-output\" aria-hidden=\"true\"><\/div>\n<input type=\"hidden\" name=\"trp-form-language\" value=\"en\"\/><\/form>\n<\/div>\n\n        <\/div>\n        \t\t\t\t<\/div>\n\t\t\t\t<\/div>\n\t\t\t\t\t<\/div>\n\t\t<\/div>\n\t\t\t\t\t<\/div>\n\t\t<\/section>\n\t\t\t\t<\/div>","protected":false},"excerpt":{"rendered":"<p>Galerija Vagon pored standardnih djelatnosti pru\u017ea i slede\u0107e usluge:\u00a0 Komercijalni izlaga\u010dki termini Organizovanje sastanaka i poslovnih sajmova Iznajmljivanje prostora Izvo\u0111a\u010dka umjetnost Produkcija Grafi\u010dki dizajn Dizajn enterijera Ukoliko Vam je potrebna neka od navedenih usluga ili \u017eelite vi\u0161e informacija mo\u017eete nas kontaktirati putem ove forme. Kontaktirajte nas \ud83d\udc4b Va\u0161e ime i prezime Va\u0161 Email Odaberite uslugu [&hellip;]<\/p>","protected":false},"author":1,"featured_media":0,"parent":0,"menu_order":0,"comment_status":"closed","ping_status":"closed","template":"","meta":{"_acf_changed":false,"inline_featured_image":false,"footnotes":""},"class_list":["post-10033","page","type-page","status-publish","hentry"],"acf":[],"yoast_head":"<!-- This site is optimized with the Yoast SEO plugin v26.2 - https:\/\/yoast.com\/wordpress\/plugins\/seo\/ -->\n<title>Usluge - Vagon Gallery<\/title>\n<meta name=\"robots\" content=\"index, follow, max-snippet:-1, max-image-preview:large, max-video-preview:-1\" \/>\n<link rel=\"canonical\" href=\"https:\/\/vagon.gallery\/en\/usluge\/\" \/>\n<meta property=\"og:locale\" content=\"en_US\" \/>\n<meta property=\"og:type\" content=\"article\" \/>\n<meta property=\"og:title\" content=\"Usluge - Vagon Gallery\" \/>\n<meta property=\"og:description\" content=\"Galerija Vagon pored standardnih djelatnosti pru\u017ea i slede\u0107e usluge:\u00a0 Komercijalni izlaga\u010dki termini Organizovanje sastanaka i poslovnih sajmova Iznajmljivanje prostora Izvo\u0111a\u010dka umjetnost Produkcija Grafi\u010dki dizajn Dizajn enterijera Ukoliko Vam je potrebna neka od navedenih usluga ili \u017eelite vi\u0161e informacija mo\u017eete nas kontaktirati putem ove forme. Kontaktirajte nas \ud83d\udc4b Va\u0161e ime i prezime Va\u0161 Email Odaberite uslugu [&hellip;]\" \/>\n<meta property=\"og:url\" content=\"https:\/\/vagon.gallery\/en\/usluge\/\" \/>\n<meta property=\"og:site_name\" content=\"Vagon Gallery\" \/>\n<meta property=\"article:publisher\" content=\"https:\/\/www.facebook.com\/vagongallery\/\" \/>\n<meta property=\"article:modified_time\" content=\"2022-12-15T14:44:35+00:00\" \/>\n<meta name=\"twitter:card\" content=\"summary_large_image\" \/>\n<meta name=\"twitter:label1\" content=\"Est. reading time\" \/>\n\t<meta name=\"twitter:data1\" content=\"1 minute\" \/>\n<script type=\"application\/ld+json\" class=\"yoast-schema-graph\">{\"@context\":\"https:\/\/schema.org\",\"@graph\":[{\"@type\":\"Article\",\"@id\":\"https:\/\/vagon.gallery\/usluge\/#article\",\"isPartOf\":{\"@id\":\"https:\/\/vagon.gallery\/usluge\/\"},\"author\":{\"name\":\"developer\",\"@id\":\"https:\/\/vagon.gallery\/#\/schema\/person\/c5221a28ee9c29c5065c4317da302e67\"},\"headline\":\"Usluge\",\"datePublished\":\"2022-12-14T22:34:10+00:00\",\"dateModified\":\"2022-12-15T14:44:35+00:00\",\"mainEntityOfPage\":{\"@id\":\"https:\/\/vagon.gallery\/usluge\/\"},\"wordCount\":94,\"publisher\":{\"@id\":\"https:\/\/vagon.gallery\/#organization\"},\"inLanguage\":\"en-US\"},{\"@type\":\"WebPage\",\"@id\":\"https:\/\/vagon.gallery\/usluge\/\",\"url\":\"https:\/\/vagon.gallery\/usluge\/\",\"name\":\"Usluge - Vagon Gallery\",\"isPartOf\":{\"@id\":\"https:\/\/vagon.gallery\/#website\"},\"datePublished\":\"2022-12-14T22:34:10+00:00\",\"dateModified\":\"2022-12-15T14:44:35+00:00\",\"breadcrumb\":{\"@id\":\"https:\/\/vagon.gallery\/usluge\/#breadcrumb\"},\"inLanguage\":\"en-US\",\"potentialAction\":[{\"@type\":\"ReadAction\",\"target\":[\"https:\/\/vagon.gallery\/usluge\/\"]}]},{\"@type\":\"BreadcrumbList\",\"@id\":\"https:\/\/vagon.gallery\/usluge\/#breadcrumb\",\"itemListElement\":[{\"@type\":\"ListItem\",\"position\":1,\"name\":\"Home\",\"item\":\"https:\/\/vagon.gallery\/\"},{\"@type\":\"ListItem\",\"position\":2,\"name\":\"Usluge\"}]},{\"@type\":\"WebSite\",\"@id\":\"https:\/\/vagon.gallery\/#website\",\"url\":\"https:\/\/vagon.gallery\/\",\"name\":\"Vagon Gallery\",\"description\":\"Vagon Gallery Banja Luka\",\"publisher\":{\"@id\":\"https:\/\/vagon.gallery\/#organization\"},\"potentialAction\":[{\"@type\":\"SearchAction\",\"target\":{\"@type\":\"EntryPoint\",\"urlTemplate\":\"https:\/\/vagon.gallery\/?s={search_term_string}\"},\"query-input\":{\"@type\":\"PropertyValueSpecification\",\"valueRequired\":true,\"valueName\":\"search_term_string\"}}],\"inLanguage\":\"en-US\"},{\"@type\":\"Organization\",\"@id\":\"https:\/\/vagon.gallery\/#organization\",\"name\":\"Art klub Prostor\",\"url\":\"https:\/\/vagon.gallery\/\",\"logo\":{\"@type\":\"ImageObject\",\"inLanguage\":\"en-US\",\"@id\":\"https:\/\/vagon.gallery\/#\/schema\/logo\/image\/\",\"url\":\"https:\/\/vagon.gallery\/wp-content\/uploads\/2022\/10\/VAGON-logo.png\",\"contentUrl\":\"https:\/\/vagon.gallery\/wp-content\/uploads\/2022\/10\/VAGON-logo.png\",\"width\":3314,\"height\":976,\"caption\":\"Art klub Prostor\"},\"image\":{\"@id\":\"https:\/\/vagon.gallery\/#\/schema\/logo\/image\/\"},\"sameAs\":[\"https:\/\/www.facebook.com\/vagongallery\/\"]},{\"@type\":\"Person\",\"@id\":\"https:\/\/vagon.gallery\/#\/schema\/person\/c5221a28ee9c29c5065c4317da302e67\",\"name\":\"developer\",\"image\":{\"@type\":\"ImageObject\",\"inLanguage\":\"en-US\",\"@id\":\"https:\/\/vagon.gallery\/#\/schema\/person\/image\/\",\"url\":\"https:\/\/secure.gravatar.com\/avatar\/2bc77b80edfff72ec4a9d877d480784d5a97a4cf22ef3e711efa219bfd0d770b?s=96&d=mm&r=g\",\"contentUrl\":\"https:\/\/secure.gravatar.com\/avatar\/2bc77b80edfff72ec4a9d877d480784d5a97a4cf22ef3e711efa219bfd0d770b?s=96&d=mm&r=g\",\"caption\":\"developer\"},\"sameAs\":[\"https:\/\/vagon.gallery\"],\"url\":\"https:\/\/vagon.gallery\/en\/author\/developer\/\"}]}<\/script>\n<!-- \/ Yoast SEO plugin. -->","yoast_head_json":{"title":"Usluge - Vagon Gallery","robots":{"index":"index","follow":"follow","max-snippet":"max-snippet:-1","max-image-preview":"max-image-preview:large","max-video-preview":"max-video-preview:-1"},"canonical":"https:\/\/vagon.gallery\/en\/usluge\/","og_locale":"en_US","og_type":"article","og_title":"Usluge - Vagon Gallery","og_description":"Galerija Vagon pored standardnih djelatnosti pru\u017ea i slede\u0107e usluge:\u00a0 Komercijalni izlaga\u010dki termini Organizovanje sastanaka i poslovnih sajmova Iznajmljivanje prostora Izvo\u0111a\u010dka umjetnost Produkcija Grafi\u010dki dizajn Dizajn enterijera Ukoliko Vam je potrebna neka od navedenih usluga ili \u017eelite vi\u0161e informacija mo\u017eete nas kontaktirati putem ove forme. Kontaktirajte nas \ud83d\udc4b Va\u0161e ime i prezime Va\u0161 Email Odaberite uslugu [&hellip;]","og_url":"https:\/\/vagon.gallery\/en\/usluge\/","og_site_name":"Vagon Gallery","article_publisher":"https:\/\/www.facebook.com\/vagongallery\/","article_modified_time":"2022-12-15T14:44:35+00:00","twitter_card":"summary_large_image","twitter_misc":{"Est. reading time":"1 minute"},"schema":{"@context":"https:\/\/schema.org","@graph":[{"@type":"Article","@id":"https:\/\/vagon.gallery\/usluge\/#article","isPartOf":{"@id":"https:\/\/vagon.gallery\/usluge\/"},"author":{"name":"developer","@id":"https:\/\/vagon.gallery\/#\/schema\/person\/c5221a28ee9c29c5065c4317da302e67"},"headline":"Usluge","datePublished":"2022-12-14T22:34:10+00:00","dateModified":"2022-12-15T14:44:35+00:00","mainEntityOfPage":{"@id":"https:\/\/vagon.gallery\/usluge\/"},"wordCount":94,"publisher":{"@id":"https:\/\/vagon.gallery\/#organization"},"inLanguage":"en-US"},{"@type":"WebPage","@id":"https:\/\/vagon.gallery\/usluge\/","url":"https:\/\/vagon.gallery\/usluge\/","name":"Usluge - Vagon Gallery","isPartOf":{"@id":"https:\/\/vagon.gallery\/#website"},"datePublished":"2022-12-14T22:34:10+00:00","dateModified":"2022-12-15T14:44:35+00:00","breadcrumb":{"@id":"https:\/\/vagon.gallery\/usluge\/#breadcrumb"},"inLanguage":"en-US","potentialAction":[{"@type":"ReadAction","target":["https:\/\/vagon.gallery\/usluge\/"]}]},{"@type":"BreadcrumbList","@id":"https:\/\/vagon.gallery\/usluge\/#breadcrumb","itemListElement":[{"@type":"ListItem","position":1,"name":"Home","item":"https:\/\/vagon.gallery\/"},{"@type":"ListItem","position":2,"name":"Usluge"}]},{"@type":"WebSite","@id":"https:\/\/vagon.gallery\/#website","url":"https:\/\/vagon.gallery\/","name":"Vagon Gallery","description":"Vagon Gallery Banja Luka","publisher":{"@id":"https:\/\/vagon.gallery\/#organization"},"potentialAction":[{"@type":"SearchAction","target":{"@type":"EntryPoint","urlTemplate":"https:\/\/vagon.gallery\/?s={search_term_string}"},"query-input":{"@type":"PropertyValueSpecification","valueRequired":true,"valueName":"search_term_string"}}],"inLanguage":"en-US"},{"@type":"Organization","@id":"https:\/\/vagon.gallery\/#organization","name":"Art klub Prostor","url":"https:\/\/vagon.gallery\/","logo":{"@type":"ImageObject","inLanguage":"en-US","@id":"https:\/\/vagon.gallery\/#\/schema\/logo\/image\/","url":"https:\/\/vagon.gallery\/wp-content\/uploads\/2022\/10\/VAGON-logo.png","contentUrl":"https:\/\/vagon.gallery\/wp-content\/uploads\/2022\/10\/VAGON-logo.png","width":3314,"height":976,"caption":"Art klub Prostor"},"image":{"@id":"https:\/\/vagon.gallery\/#\/schema\/logo\/image\/"},"sameAs":["https:\/\/www.facebook.com\/vagongallery\/"]},{"@type":"Person","@id":"https:\/\/vagon.gallery\/#\/schema\/person\/c5221a28ee9c29c5065c4317da302e67","name":"developer","image":{"@type":"ImageObject","inLanguage":"en-US","@id":"https:\/\/vagon.gallery\/#\/schema\/person\/image\/","url":"https:\/\/secure.gravatar.com\/avatar\/2bc77b80edfff72ec4a9d877d480784d5a97a4cf22ef3e711efa219bfd0d770b?s=96&d=mm&r=g","contentUrl":"https:\/\/secure.gravatar.com\/avatar\/2bc77b80edfff72ec4a9d877d480784d5a97a4cf22ef3e711efa219bfd0d770b?s=96&d=mm&r=g","caption":"developer"},"sameAs":["https:\/\/vagon.gallery"],"url":"https:\/\/vagon.gallery\/en\/author\/developer\/"}]}},"_links":{"self":[{"href":"https:\/\/vagon.gallery\/en\/wp-json\/wp\/v2\/pages\/10033","targetHints":{"allow":["GET"]}}],"collection":[{"href":"https:\/\/vagon.gallery\/en\/wp-json\/wp\/v2\/pages"}],"about":[{"href":"https:\/\/vagon.gallery\/en\/wp-json\/wp\/v2\/types\/page"}],"author":[{"embeddable":true,"href":"https:\/\/vagon.gallery\/en\/wp-json\/wp\/v2\/users\/1"}],"replies":[{"embeddable":true,"href":"https:\/\/vagon.gallery\/en\/wp-json\/wp\/v2\/comments?post=10033"}],"version-history":[{"count":0,"href":"https:\/\/vagon.gallery\/en\/wp-json\/wp\/v2\/pages\/10033\/revisions"}],"wp:attachment":[{"href":"https:\/\/vagon.gallery\/en\/wp-json\/wp\/v2\/media?parent=10033"}],"curies":[{"name":"wp","href":"https:\/\/api.w.org\/{rel}","templated":true}]}}